{"id":70,"date":"2023-01-15T00:48:28","date_gmt":"2023-01-15T00:48:28","guid":{"rendered":"https:\/\/detecsa.net\/?page_id=70"},"modified":"2023-04-19T16:21:03","modified_gmt":"2023-04-19T16:21:03","slug":"nosotros","status":"publish","type":"page","link":"https:\/\/detecsa.net\/en\/nosotros\/","title":{"rendered":"Us"},"content":{"rendered":"<div data-elementor-type=\"wp-page\" data-elementor-id=\"70\" class=\"elementor elementor-70\" data-elementor-post-type=\"page\">\n\t\t\t\t\t\t<section class=\"elementor-section elementor-top-section elementor-element elementor-element-1725d858 elementor-section-boxed elementor-section-height-default elementor-section-height-default\" data-id=\"1725d858\" data-element_type=\"section\" data-settings=\"{&quot;background_background&quot;:&quot;classic&quot;}\">\n\t\t\t\t\t\t<div class=\"elementor-container elementor-column-gap-default\">\n\t\t\t\t\t<div class=\"elementor-column elementor-col-100 elementor-top-column elementor-element elementor-element-c0b69ea\" data-id=\"c0b69ea\" data-element_type=\"column\">\n\t\t\t<div class=\"elementor-widget-wrap elementor-element-populated\">\n\t\t\t\t\t\t<div class=\"elementor-element elementor-element-557f7a83 elementor-invisible elementor-widget elementor-widget-heading\" data-id=\"557f7a83\" data-element_type=\"widget\" data-settings=\"{&quot;_animation&quot;:&quot;slideInLeft&quot;}\" data-widget_type=\"heading.default\">\n\t\t\t\t<div class=\"elementor-widget-container\">\n\t\t\t<style>\/*! elementor - v3.21.0 - 26-05-2024 *\/\n.elementor-heading-title{padding:0;margin:0;line-height:1}.elementor-widget-heading .elementor-heading-title[class*=elementor-size-]>a{color:inherit;font-size:inherit;line-height:inherit}.elementor-widget-heading .elementor-heading-title.elementor-size-small{font-size:15px}.elementor-widget-heading .elementor-heading-title.elementor-size-medium{font-size:19px}.elementor-widget-heading .elementor-heading-title.elementor-size-large{font-size:29px}.elementor-widget-heading .elementor-heading-title.elementor-size-xl{font-size:39px}.elementor-widget-heading .elementor-heading-title.elementor-size-xxl{font-size:59px}<\/style><h1 class=\"elementor-heading-title elementor-size-default\">Us<\/h1>\t\t<\/div>\n\t\t\t\t<\/div>\n\t\t\t\t\t<\/div>\n\t\t<\/div>\n\t\t\t\t\t<\/div>\n\t\t<\/section>\n\t\t\t\t<section class=\"elementor-section elementor-top-section elementor-element elementor-element-2783a03d elementor-section-boxed elementor-section-height-default elementor-section-height-default\" data-id=\"2783a03d\" data-element_type=\"section\">\n\t\t\t\t\t\t<div class=\"elementor-container elementor-column-gap-default\">\n\t\t\t\t\t<div class=\"elementor-column elementor-col-66 elementor-top-column elementor-element elementor-element-4370281e\" data-id=\"4370281e\" data-element_type=\"column\">\n\t\t\t<div class=\"elementor-widget-wrap elementor-element-populated\">\n\t\t\t\t\t\t<div class=\"elementor-element elementor-element-4fbddf86 elementor-invisible elementor-widget elementor-widget-heading\" data-id=\"4fbddf86\" data-element_type=\"widget\" data-settings=\"{&quot;_animation&quot;:&quot;slideInUp&quot;}\" data-widget_type=\"heading.default\">\n\t\t\t\t<div class=\"elementor-widget-container\">\n\t\t\t<h2 class=\"elementor-heading-title elementor-size-default\">Learn more about us, see our history and the benefits we provide<\/h2>\t\t<\/div>\n\t\t\t\t<\/div>\n\t\t\t\t\t<\/div>\n\t\t<\/div>\n\t\t\t\t<div class=\"elementor-column elementor-col-33 elementor-top-column elementor-element elementor-element-2cbff557\" data-id=\"2cbff557\" data-element_type=\"column\">\n\t\t\t<div class=\"elementor-widget-wrap elementor-element-populated\">\n\t\t\t\t\t\t<div class=\"elementor-element elementor-element-d23edc5 elementor-align-right elementor-widget elementor-widget-button\" data-id=\"d23edc5\" data-element_type=\"widget\" data-widget_type=\"button.default\">\n\t\t\t\t<div class=\"elementor-widget-container\">\n\t\t\t\t\t<div class=\"elementor-button-wrapper\">\n\t\t\t<a class=\"elementor-button elementor-button-link elementor-size-sm\" href=\"#\">\n\t\t\t\t\t\t<span class=\"elementor-button-content-wrapper\">\n\t\t\t\t\t\t\t\t\t<span class=\"elementor-button-text\">Contact Us<\/span>\n\t\t\t\t\t<\/span>\n\t\t\t\t\t<\/a>\n\t\t<\/div>\n\t\t\t\t<\/div>\n\t\t\t\t<\/div>\n\t\t\t\t\t<\/div>\n\t\t<\/div>\n\t\t\t\t\t<\/div>\n\t\t<\/section>\n\t\t\t\t<section class=\"elementor-section elementor-top-section elementor-element elementor-element-166a7618 elementor-section-boxed elementor-section-height-default elementor-section-height-default\" data-id=\"166a7618\" data-element_type=\"section\">\n\t\t\t\t\t\t<div class=\"elementor-container elementor-column-gap-default\">\n\t\t\t\t\t<div class=\"elementor-column elementor-col-100 elementor-top-column elementor-element elementor-element-3a24f2fe\" data-id=\"3a24f2fe\" data-element_type=\"column\">\n\t\t\t<div class=\"elementor-widget-wrap elementor-element-populated\">\n\t\t\t\t\t\t<section class=\"elementor-section elementor-inner-section elementor-element elementor-element-5dfd96ec elementor-section-boxed elementor-section-height-default elementor-section-height-default\" data-id=\"5dfd96ec\" data-element_type=\"section\">\n\t\t\t\t\t\t<div class=\"elementor-container elementor-column-gap-default\">\n\t\t\t\t\t<div class=\"elementor-column elementor-col-50 elementor-inner-column elementor-element elementor-element-7ee956e5\" data-id=\"7ee956e5\" data-element_type=\"column\">\n\t\t\t<div class=\"elementor-widget-wrap elementor-element-populated\">\n\t\t\t\t\t\t<div class=\"elementor-element elementor-element-d1677e2 elementor-invisible elementor-widget elementor-widget-heading\" data-id=\"d1677e2\" data-element_type=\"widget\" data-settings=\"{&quot;_animation&quot;:&quot;slideInUp&quot;}\" data-widget_type=\"heading.default\">\n\t\t\t\t<div class=\"elementor-widget-container\">\n\t\t\t<h2 class=\"elementor-heading-title elementor-size-default\">Vision<\/h2>\t\t<\/div>\n\t\t\t\t<\/div>\n\t\t\t\t<div class=\"elementor-element elementor-element-dcf7712 elementor-widget elementor-widget-text-editor\" data-id=\"dcf7712\" data-element_type=\"widget\" data-widget_type=\"text-editor.default\">\n\t\t\t\t<div class=\"elementor-widget-container\">\n\t\t\t<style>\/*! elementor - v3.21.0 - 26-05-2024 *\/\n.elementor-widget-text-editor.elementor-drop-cap-view-stacked .elementor-drop-cap{background-color:#69727d;color:#fff}.elementor-widget-text-editor.elementor-drop-cap-view-framed .elementor-drop-cap{color:#69727d;border:3px solid;background-color:transparent}.elementor-widget-text-editor:not(.elementor-drop-cap-view-default) .elementor-drop-cap{margin-top:8px}.elementor-widget-text-editor:not(.elementor-drop-cap-view-default) .elementor-drop-cap-letter{width:1em;height:1em}.elementor-widget-text-editor .elementor-drop-cap{float:left;text-align:center;line-height:1;font-size:50px}.elementor-widget-text-editor .elementor-drop-cap-letter{display:inline-block}<\/style>\t\t\t\t<p>Achieve leadership as technical service providers in the Central American telecommunications market. Provide transportation network assembly and construction services for telecommunications companies and outside of it, both private and public.<\/p>\t\t\t\t\t\t<\/div>\n\t\t\t\t<\/div>\n\t\t\t\t<div class=\"elementor-element elementor-element-4f1363a5 elementor-widget elementor-widget-image\" data-id=\"4f1363a5\" data-element_type=\"widget\" data-widget_type=\"image.default\">\n\t\t\t\t<div class=\"elementor-widget-container\">\n\t\t\t<style>\/*! elementor - v3.21.0 - 26-05-2024 *\/\n.elementor-widget-image{text-align:center}.elementor-widget-image a{display:inline-block}.elementor-widget-image a img[src$=\".svg\"]{width:48px}.elementor-widget-image img{vertical-align:middle;display:inline-block}<\/style>\t\t\t\t\t\t\t\t\t\t\t<a href=\"#\">\n\t\t\t\t\t\t\t<img decoding=\"async\" src=\"https:\/\/detecsa.net\/wp-content\/uploads\/elementor\/thumbs\/Right-III-q0o80vrc4ys0kxmhlhl4fqhsajxj569q8lsqept53y.png\" title=\"Right-III.png\" alt=\"Right-III.png\" loading=\"lazy\" \/>\t\t\t\t\t\t\t\t<\/a>\n\t\t\t\t\t\t\t\t\t\t\t\t\t<\/div>\n\t\t\t\t<\/div>\n\t\t\t\t\t<\/div>\n\t\t<\/div>\n\t\t\t\t<div class=\"elementor-column elementor-col-50 elementor-inner-column elementor-element elementor-element-740adf3\" data-id=\"740adf3\" data-element_type=\"column\">\n\t\t\t<div class=\"elementor-widget-wrap elementor-element-populated\">\n\t\t\t\t\t\t<div class=\"elementor-element elementor-element-352ddb1 elementor-invisible elementor-widget elementor-widget-heading\" data-id=\"352ddb1\" data-element_type=\"widget\" data-settings=\"{&quot;_animation&quot;:&quot;slideInUp&quot;}\" data-widget_type=\"heading.default\">\n\t\t\t\t<div class=\"elementor-widget-container\">\n\t\t\t<h2 class=\"elementor-heading-title elementor-size-default\">Mission<\/h2>\t\t<\/div>\n\t\t\t\t<\/div>\n\t\t\t\t<div class=\"elementor-element elementor-element-f08b8f6 elementor-widget elementor-widget-text-editor\" data-id=\"f08b8f6\" data-element_type=\"widget\" data-widget_type=\"text-editor.default\">\n\t\t\t\t<div class=\"elementor-widget-container\">\n\t\t\t\t\t\t\t<p>Provide technical and engineering services in the national and Central American industry, in the area of telecommunications as well as in other lines of business, in all types of aerial and underground cabling, with an emphasis on quality and innovation, acting ethically and socially responsible. .<\/p>\t\t\t\t\t\t<\/div>\n\t\t\t\t<\/div>\n\t\t\t\t<div class=\"elementor-element elementor-element-7cb6557 elementor-widget elementor-widget-image\" data-id=\"7cb6557\" data-element_type=\"widget\" data-widget_type=\"image.default\">\n\t\t\t\t<div class=\"elementor-widget-container\">\n\t\t\t\t\t\t\t\t\t\t\t\t\t\t<a href=\"#\">\n\t\t\t\t\t\t\t<img decoding=\"async\" src=\"https:\/\/detecsa.net\/wp-content\/uploads\/elementor\/thumbs\/Right-III-q0o80vrc4ys0kxmhlhl4fqhsajxj569q8lsqept53y.png\" title=\"Right-III.png\" alt=\"Right-III.png\" loading=\"lazy\" \/>\t\t\t\t\t\t\t\t<\/a>\n\t\t\t\t\t\t\t\t\t\t\t\t\t<\/div>\n\t\t\t\t<\/div>\n\t\t\t\t\t<\/div>\n\t\t<\/div>\n\t\t\t\t\t<\/div>\n\t\t<\/section>\n\t\t\t\t<div class=\"elementor-element elementor-element-9c58909 elementor-widget elementor-widget-image\" data-id=\"9c58909\" data-element_type=\"widget\" data-widget_type=\"image.default\">\n\t\t\t\t<div class=\"elementor-widget-container\">\n\t\t\t\t\t\t\t\t\t\t\t\t\t<img fetchpriority=\"high\" decoding=\"async\" width=\"543\" height=\"97\" src=\"https:\/\/detecsa.net\/wp-content\/uploads\/2023\/01\/detecsa-transparente.png\" class=\"attachment-large size-large wp-image-83\" alt=\"\" srcset=\"https:\/\/detecsa.net\/wp-content\/uploads\/2023\/01\/detecsa-transparente.png 543w, https:\/\/detecsa.net\/wp-content\/uploads\/2023\/01\/detecsa-transparente-300x54.png 300w\" sizes=\"(max-width: 543px) 100vw, 543px\" \/>\t\t\t\t\t\t\t\t\t\t\t\t\t<\/div>\n\t\t\t\t<\/div>\n\t\t\t\t<section class=\"elementor-section elementor-inner-section elementor-element elementor-element-c862c46 elementor-section-boxed elementor-section-height-default elementor-section-height-default\" data-id=\"c862c46\" data-element_type=\"section\">\n\t\t\t\t\t\t<div class=\"elementor-container elementor-column-gap-default\">\n\t\t\t\t\t<div class=\"elementor-column elementor-col-50 elementor-inner-column elementor-element elementor-element-db741aa\" data-id=\"db741aa\" data-element_type=\"column\">\n\t\t\t<div class=\"elementor-widget-wrap elementor-element-populated\">\n\t\t\t\t\t\t<div class=\"elementor-element elementor-element-bc93b70 elementor-invisible elementor-widget elementor-widget-heading\" data-id=\"bc93b70\" data-element_type=\"widget\" data-settings=\"{&quot;_animation&quot;:&quot;slideInUp&quot;}\" data-widget_type=\"heading.default\">\n\t\t\t\t<div class=\"elementor-widget-container\">\n\t\t\t<h2 class=\"elementor-heading-title elementor-size-default\">Values<\/h2>\t\t<\/div>\n\t\t\t\t<\/div>\n\t\t\t\t<div class=\"elementor-element elementor-element-cb8e118 elementor-widget elementor-widget-text-editor\" data-id=\"cb8e118\" data-element_type=\"widget\" data-widget_type=\"text-editor.default\">\n\t\t\t\t<div class=\"elementor-widget-container\">\n\t\t\t\t\t\t\t<ul><li>Ethics<\/li><li>Growth<\/li><li>Social responsability<\/li><\/ul>\t\t\t\t\t\t<\/div>\n\t\t\t\t<\/div>\n\t\t\t\t\t<\/div>\n\t\t<\/div>\n\t\t\t\t<div class=\"elementor-column elementor-col-50 elementor-inner-column elementor-element elementor-element-cd2325b\" data-id=\"cd2325b\" data-element_type=\"column\">\n\t\t\t<div class=\"elementor-widget-wrap elementor-element-populated\">\n\t\t\t\t\t\t<div class=\"elementor-element elementor-element-3da5d3e elementor-widget elementor-widget-text-editor\" data-id=\"3da5d3e\" data-element_type=\"widget\" data-widget_type=\"text-editor.default\">\n\t\t\t\t<div class=\"elementor-widget-container\">\n\t\t\t\t\t\t\t<ul><li>Teamwork<\/li><li>Training<\/li><li>Experience<\/li><li>Professionalism<\/li><\/ul>\t\t\t\t\t\t<\/div>\n\t\t\t\t<\/div>\n\t\t\t\t\t<\/div>\n\t\t<\/div>\n\t\t\t\t\t<\/div>\n\t\t<\/section>\n\t\t\t\t\t<\/div>\n\t\t<\/div>\n\t\t\t\t\t<\/div>\n\t\t<\/section>\n\t\t\t\t<\/div>","protected":false},"excerpt":{"rendered":"<p>About Us Get more information about us, see our history and the benefits we provide Contact Us Vision Achieve leadership as technical service providers in the Central American telecommunications market. Provide transportation network assembly and construction services for telecommunications companies and outside of it, both private and public. Mission Provide services [\u2026]<\/p>","protected":false},"author":1,"featured_media":0,"parent":0,"menu_order":0,"comment_status":"closed","ping_status":"closed","template":"","meta":{"footnotes":""},"class_list":["post-70","page","type-page","status-publish","hentry"],"yoast_head":"<!-- This site is optimized with the Yoast SEO plugin v22.8 - https:\/\/yoast.com\/wordpress\/plugins\/seo\/ -->\n<title>Nosotros - DETECSA<\/title>\n<meta name=\"robots\" content=\"index, follow, max-snippet:-1, max-image-preview:large, max-video-preview:-1\" \/>\n<link rel=\"canonical\" href=\"https:\/\/detecsa.net\/en\/nosotros\/\" \/>\n<meta property=\"og:locale\" content=\"en_US\" \/>\n<meta property=\"og:type\" content=\"article\" \/>\n<meta property=\"og:title\" content=\"Nosotros - DETECSA\" \/>\n<meta property=\"og:description\" content=\"Nosotros Obtenga m\u00e1s informaci\u00f3n sobre nosotros, vea nuestra historia y los beneficios que brindamos Cont\u00e1ctenos Visi\u00f3n Alcanzar el liderazgo como proveedores de servicios t\u00e9cnicos en el mercado centroamericano de telecomunicaciones. Proveer servicios de montaje y construcci\u00f3n de redes de transporte para empresas de telecomunicaciones y fuera de ella tanto privadas como p\u00fablicas. Misi\u00f3n Proveer servicios [&hellip;]\" \/>\n<meta property=\"og:url\" content=\"https:\/\/detecsa.net\/en\/nosotros\/\" \/>\n<meta property=\"og:site_name\" content=\"DETECSA\" \/>\n<meta property=\"article:modified_time\" content=\"2023-04-19T16:21:03+00:00\" \/>\n<meta property=\"og:image\" content=\"https:\/\/detecsa.net\/wp-content\/uploads\/elementor\/thumbs\/Right-III-q0o80vrc4ys0kxmhlhl4fqhsajxj569q8lsqept53y.png\" \/>\n<meta name=\"twitter:card\" content=\"summary_large_image\" \/>\n<meta name=\"twitter:label1\" content=\"Est. reading time\" \/>\n\t<meta name=\"twitter:data1\" content=\"1 minute\" \/>\n<script type=\"application\/ld+json\" class=\"yoast-schema-graph\">{\"@context\":\"https:\/\/schema.org\",\"@graph\":[{\"@type\":\"WebPage\",\"@id\":\"https:\/\/detecsa.net\/nosotros\/\",\"url\":\"https:\/\/detecsa.net\/nosotros\/\",\"name\":\"Nosotros - DETECSA\",\"isPartOf\":{\"@id\":\"https:\/\/detecsa.net\/#website\"},\"primaryImageOfPage\":{\"@id\":\"https:\/\/detecsa.net\/nosotros\/#primaryimage\"},\"image\":{\"@id\":\"https:\/\/detecsa.net\/nosotros\/#primaryimage\"},\"thumbnailUrl\":\"https:\/\/detecsa.net\/wp-content\/uploads\/elementor\/thumbs\/Right-III-q0o80vrc4ys0kxmhlhl4fqhsajxj569q8lsqept53y.png\",\"datePublished\":\"2023-01-15T00:48:28+00:00\",\"dateModified\":\"2023-04-19T16:21:03+00:00\",\"breadcrumb\":{\"@id\":\"https:\/\/detecsa.net\/nosotros\/#breadcrumb\"},\"inLanguage\":\"en-US\",\"potentialAction\":[{\"@type\":\"ReadAction\",\"target\":[\"https:\/\/detecsa.net\/nosotros\/\"]}]},{\"@type\":\"ImageObject\",\"inLanguage\":\"en-US\",\"@id\":\"https:\/\/detecsa.net\/nosotros\/#primaryimage\",\"url\":\"https:\/\/detecsa.net\/wp-content\/uploads\/elementor\/thumbs\/Right-III-q0o80vrc4ys0kxmhlhl4fqhsajxj569q8lsqept53y.png\",\"contentUrl\":\"https:\/\/detecsa.net\/wp-content\/uploads\/elementor\/thumbs\/Right-III-q0o80vrc4ys0kxmhlhl4fqhsajxj569q8lsqept53y.png\"},{\"@type\":\"BreadcrumbList\",\"@id\":\"https:\/\/detecsa.net\/nosotros\/#breadcrumb\",\"itemListElement\":[{\"@type\":\"ListItem\",\"position\":1,\"name\":\"Portada\",\"item\":\"https:\/\/detecsa.net\/\"},{\"@type\":\"ListItem\",\"position\":2,\"name\":\"Nosotros\"}]},{\"@type\":\"WebSite\",\"@id\":\"https:\/\/detecsa.net\/#website\",\"url\":\"https:\/\/detecsa.net\/\",\"name\":\"DETECSA\",\"description\":\"Guatemala\",\"publisher\":{\"@id\":\"https:\/\/detecsa.net\/#organization\"},\"potentialAction\":[{\"@type\":\"SearchAction\",\"target\":{\"@type\":\"EntryPoint\",\"urlTemplate\":\"https:\/\/detecsa.net\/?s={search_term_string}\"},\"query-input\":\"required name=search_term_string\"}],\"inLanguage\":\"en-US\"},{\"@type\":\"Organization\",\"@id\":\"https:\/\/detecsa.net\/#organization\",\"name\":\"DETECSA\",\"url\":\"https:\/\/detecsa.net\/\",\"logo\":{\"@type\":\"ImageObject\",\"inLanguage\":\"en-US\",\"@id\":\"https:\/\/detecsa.net\/#\/schema\/logo\/image\/\",\"url\":\"https:\/\/detecsa.net\/wp-content\/uploads\/2022\/11\/unnamed-1.jpg\",\"contentUrl\":\"https:\/\/detecsa.net\/wp-content\/uploads\/2022\/11\/unnamed-1.jpg\",\"width\":543,\"height\":97,\"caption\":\"DETECSA\"},\"image\":{\"@id\":\"https:\/\/detecsa.net\/#\/schema\/logo\/image\/\"}}]}<\/script>\n<!-- \/ Yoast SEO plugin. -->","yoast_head_json":{"title":"Nosotros - DETECSA","robots":{"index":"index","follow":"follow","max-snippet":"max-snippet:-1","max-image-preview":"max-image-preview:large","max-video-preview":"max-video-preview:-1"},"canonical":"https:\/\/detecsa.net\/en\/nosotros\/","og_locale":"en_US","og_type":"article","og_title":"Nosotros - DETECSA","og_description":"Nosotros Obtenga m\u00e1s informaci\u00f3n sobre nosotros, vea nuestra historia y los beneficios que brindamos Cont\u00e1ctenos Visi\u00f3n Alcanzar el liderazgo como proveedores de servicios t\u00e9cnicos en el mercado centroamericano de telecomunicaciones. Proveer servicios de montaje y construcci\u00f3n de redes de transporte para empresas de telecomunicaciones y fuera de ella tanto privadas como p\u00fablicas. Misi\u00f3n Proveer servicios [&hellip;]","og_url":"https:\/\/detecsa.net\/en\/nosotros\/","og_site_name":"DETECSA","article_modified_time":"2023-04-19T16:21:03+00:00","og_image":[{"url":"https:\/\/detecsa.net\/wp-content\/uploads\/elementor\/thumbs\/Right-III-q0o80vrc4ys0kxmhlhl4fqhsajxj569q8lsqept53y.png"}],"twitter_card":"summary_large_image","twitter_misc":{"Est. reading time":"1 minute"},"schema":{"@context":"https:\/\/schema.org","@graph":[{"@type":"WebPage","@id":"https:\/\/detecsa.net\/nosotros\/","url":"https:\/\/detecsa.net\/nosotros\/","name":"Nosotros - DETECSA","isPartOf":{"@id":"https:\/\/detecsa.net\/#website"},"primaryImageOfPage":{"@id":"https:\/\/detecsa.net\/nosotros\/#primaryimage"},"image":{"@id":"https:\/\/detecsa.net\/nosotros\/#primaryimage"},"thumbnailUrl":"https:\/\/detecsa.net\/wp-content\/uploads\/elementor\/thumbs\/Right-III-q0o80vrc4ys0kxmhlhl4fqhsajxj569q8lsqept53y.png","datePublished":"2023-01-15T00:48:28+00:00","dateModified":"2023-04-19T16:21:03+00:00","breadcrumb":{"@id":"https:\/\/detecsa.net\/nosotros\/#breadcrumb"},"inLanguage":"en-US","potentialAction":[{"@type":"ReadAction","target":["https:\/\/detecsa.net\/nosotros\/"]}]},{"@type":"ImageObject","inLanguage":"en-US","@id":"https:\/\/detecsa.net\/nosotros\/#primaryimage","url":"https:\/\/detecsa.net\/wp-content\/uploads\/elementor\/thumbs\/Right-III-q0o80vrc4ys0kxmhlhl4fqhsajxj569q8lsqept53y.png","contentUrl":"https:\/\/detecsa.net\/wp-content\/uploads\/elementor\/thumbs\/Right-III-q0o80vrc4ys0kxmhlhl4fqhsajxj569q8lsqept53y.png"},{"@type":"BreadcrumbList","@id":"https:\/\/detecsa.net\/nosotros\/#breadcrumb","itemListElement":[{"@type":"ListItem","position":1,"name":"Portada","item":"https:\/\/detecsa.net\/"},{"@type":"ListItem","position":2,"name":"Nosotros"}]},{"@type":"WebSite","@id":"https:\/\/detecsa.net\/#website","url":"https:\/\/detecsa.net\/","name":"DETECSA","description":"Guatemala","publisher":{"@id":"https:\/\/detecsa.net\/#organization"},"potentialAction":[{"@type":"SearchAction","target":{"@type":"EntryPoint","urlTemplate":"https:\/\/detecsa.net\/?s={search_term_string}"},"query-input":"required name=search_term_string"}],"inLanguage":"en-US"},{"@type":"Organization","@id":"https:\/\/detecsa.net\/#organization","name":"DETECSA","url":"https:\/\/detecsa.net\/","logo":{"@type":"ImageObject","inLanguage":"en-US","@id":"https:\/\/detecsa.net\/#\/schema\/logo\/image\/","url":"https:\/\/detecsa.net\/wp-content\/uploads\/2022\/11\/unnamed-1.jpg","contentUrl":"https:\/\/detecsa.net\/wp-content\/uploads\/2022\/11\/unnamed-1.jpg","width":543,"height":97,"caption":"DETECSA"},"image":{"@id":"https:\/\/detecsa.net\/#\/schema\/logo\/image\/"}}]}},"jetpack_sharing_enabled":true,"_links":{"self":[{"href":"https:\/\/detecsa.net\/en\/wp-json\/wp\/v2\/pages\/70","targetHints":{"allow":["GET"]}}],"collection":[{"href":"https:\/\/detecsa.net\/en\/wp-json\/wp\/v2\/pages"}],"about":[{"href":"https:\/\/detecsa.net\/en\/wp-json\/wp\/v2\/types\/page"}],"author":[{"embeddable":true,"href":"https:\/\/detecsa.net\/en\/wp-json\/wp\/v2\/users\/1"}],"replies":[{"embeddable":true,"href":"https:\/\/detecsa.net\/en\/wp-json\/wp\/v2\/comments?post=70"}],"version-history":[{"count":15,"href":"https:\/\/detecsa.net\/en\/wp-json\/wp\/v2\/pages\/70\/revisions"}],"predecessor-version":[{"id":266,"href":"https:\/\/detecsa.net\/en\/wp-json\/wp\/v2\/pages\/70\/revisions\/266"}],"wp:attachment":[{"href":"https:\/\/detecsa.net\/en\/wp-json\/wp\/v2\/media?parent=70"}],"curies":[{"name":"wp","href":"https:\/\/api.w.org\/{rel}","templated":true}]}}